{"id":10838,"date":"2020-12-29T19:26:21","date_gmt":"2020-12-29T19:26:21","guid":{"rendered":"https:\/\/tub.webtus.net\/?post_type=product&#038;p=10838"},"modified":"2024-11-22T12:21:05","modified_gmt":"2024-11-22T12:21:05","slug":"tapon-e-2","status":"publish","type":"product","link":"https:\/\/tubrica.com\/en\/product\/tapon-e-2\/","title":{"rendered":"TAP\u00d3N E"},"content":{"rendered":"","protected":false},"excerpt":{"rendered":"<p>Conexi\u00f3n de PVC que se coloca al final de un ramal en sistemas de acueducto. Viene en presentaci\u00f3n Campana. Color Gris Oscuro. Para su instalaci\u00f3n se debe limpiar muy bien el anillo Rieber en la campana de la pieza donde se vaya a colocar y lubricar con productos no derivados del petr\u00f3leo.<\/p>","protected":false},"featured_media":8863,"template":"","meta":{"_acf_changed":false,"_joinchat":[]},"product_cat":[345,346,344],"product_tag":[],"acf":[],"yoast_head":"<!-- This site is optimized with the Yoast SEO plugin v24.0 - https:\/\/yoast.com\/wordpress\/plugins\/seo\/ -->\n<title>TAP\u00d3N E - Tubrica<\/title>\n<meta name=\"robots\" content=\"index, follow, max-snippet:-1, max-image-preview:large, max-video-preview:-1\" \/>\n<link rel=\"canonical\" href=\"https:\/\/tubrica.com\/en\/product\/tapon-e-2\/\" \/>\n<meta property=\"og:locale\" content=\"en_US\" \/>\n<meta property=\"og:type\" content=\"article\" \/>\n<meta property=\"og:title\" content=\"TAP\u00d3N E - Tubrica\" \/>\n<meta property=\"og:description\" content=\"Conexi\u00f3n de PVC que se coloca al final de un ramal en sistemas de acueducto. Viene en presentaci\u00f3n Campana. Color Gris Oscuro. Para su instalaci\u00f3n se debe limpiar muy bien el anillo Rieber en la campana de la pieza donde se vaya a colocar y lubricar con productos no derivados del petr\u00f3leo.\" \/>\n<meta property=\"og:url\" content=\"https:\/\/tubrica.com\/en\/product\/tapon-e-2\/\" \/>\n<meta property=\"og:site_name\" content=\"Tubrica\" \/>\n<meta property=\"article:modified_time\" content=\"2024-11-22T12:21:05+00:00\" \/>\n<meta property=\"og:image\" content=\"https:\/\/tubrica.com\/wp-content\/uploads\/2020\/10\/acu_tapon_e_1.jpg\" \/>\n\t<meta property=\"og:image:width\" content=\"1200\" \/>\n\t<meta property=\"og:image:height\" content=\"1200\" \/>\n\t<meta property=\"og:image:type\" content=\"image\/jpeg\" \/>\n<meta name=\"twitter:card\" content=\"summary_large_image\" \/>\n<script type=\"application\/ld+json\" class=\"yoast-schema-graph\">{\"@context\":\"https:\/\/schema.org\",\"@graph\":[{\"@type\":\"WebPage\",\"@id\":\"https:\/\/tubrica.com\/producto\/tapon-e-2\/\",\"url\":\"https:\/\/tubrica.com\/producto\/tapon-e-2\/\",\"name\":\"TAP\u00d3N E - Tubrica\",\"isPartOf\":{\"@id\":\"https:\/\/tubrica.com\/#website\"},\"primaryImageOfPage\":{\"@id\":\"https:\/\/tubrica.com\/producto\/tapon-e-2\/#primaryimage\"},\"image\":{\"@id\":\"https:\/\/tubrica.com\/producto\/tapon-e-2\/#primaryimage\"},\"thumbnailUrl\":\"https:\/\/tubrica.com\/wp-content\/uploads\/2020\/10\/acu_tapon_e_1.jpg\",\"datePublished\":\"2020-12-29T19:26:21+00:00\",\"dateModified\":\"2024-11-22T12:21:05+00:00\",\"breadcrumb\":{\"@id\":\"https:\/\/tubrica.com\/producto\/tapon-e-2\/#breadcrumb\"},\"inLanguage\":\"en-US\",\"potentialAction\":[{\"@type\":\"ReadAction\",\"target\":[\"https:\/\/tubrica.com\/producto\/tapon-e-2\/\"]}]},{\"@type\":\"ImageObject\",\"inLanguage\":\"en-US\",\"@id\":\"https:\/\/tubrica.com\/producto\/tapon-e-2\/#primaryimage\",\"url\":\"https:\/\/tubrica.com\/wp-content\/uploads\/2020\/10\/acu_tapon_e_1.jpg\",\"contentUrl\":\"https:\/\/tubrica.com\/wp-content\/uploads\/2020\/10\/acu_tapon_e_1.jpg\",\"width\":1200,\"height\":1200},{\"@type\":\"BreadcrumbList\",\"@id\":\"https:\/\/tubrica.com\/producto\/tapon-e-2\/#breadcrumb\",\"itemListElement\":[{\"@type\":\"ListItem\",\"position\":1,\"name\":\"Portada\",\"item\":\"https:\/\/tubrica.com\/\"},{\"@type\":\"ListItem\",\"position\":2,\"name\":\"TUBER\u00cdAS Y CONEXIONES\",\"item\":\"https:\/\/tubrica.com\/?page_id=19\"},{\"@type\":\"ListItem\",\"position\":3,\"name\":\"TAP\u00d3N E\"}]},{\"@type\":\"WebSite\",\"@id\":\"https:\/\/tubrica.com\/#website\",\"url\":\"https:\/\/tubrica.com\/\",\"name\":\"Tubrica\",\"description\":\"\",\"publisher\":{\"@id\":\"https:\/\/tubrica.com\/#organization\"},\"potentialAction\":[{\"@type\":\"SearchAction\",\"target\":{\"@type\":\"EntryPoint\",\"urlTemplate\":\"https:\/\/tubrica.com\/?s={search_term_string}\"},\"query-input\":{\"@type\":\"PropertyValueSpecification\",\"valueRequired\":true,\"valueName\":\"search_term_string\"}}],\"inLanguage\":\"en-US\"},{\"@type\":\"Organization\",\"@id\":\"https:\/\/tubrica.com\/#organization\",\"name\":\"Tubrica\",\"url\":\"https:\/\/tubrica.com\/\",\"logo\":{\"@type\":\"ImageObject\",\"inLanguage\":\"en-US\",\"@id\":\"https:\/\/tubrica.com\/#\/schema\/logo\/image\/\",\"url\":\"https:\/\/tubrica.com\/wp-content\/uploads\/2020\/04\/LOGO_TUBRICA_350x100.png\",\"contentUrl\":\"https:\/\/tubrica.com\/wp-content\/uploads\/2020\/04\/LOGO_TUBRICA_350x100.png\",\"width\":1459,\"height\":417,\"caption\":\"Tubrica\"},\"image\":{\"@id\":\"https:\/\/tubrica.com\/#\/schema\/logo\/image\/\"}}]}<\/script>\n<!-- \/ Yoast SEO plugin. -->","yoast_head_json":{"title":"TAP\u00d3N E - Tubrica","robots":{"index":"index","follow":"follow","max-snippet":"max-snippet:-1","max-image-preview":"max-image-preview:large","max-video-preview":"max-video-preview:-1"},"canonical":"https:\/\/tubrica.com\/en\/product\/tapon-e-2\/","og_locale":"en_US","og_type":"article","og_title":"TAP\u00d3N E - Tubrica","og_description":"Conexi\u00f3n de PVC que se coloca al final de un ramal en sistemas de acueducto. Viene en presentaci\u00f3n Campana. Color Gris Oscuro. Para su instalaci\u00f3n se debe limpiar muy bien el anillo Rieber en la campana de la pieza donde se vaya a colocar y lubricar con productos no derivados del petr\u00f3leo.","og_url":"https:\/\/tubrica.com\/en\/product\/tapon-e-2\/","og_site_name":"Tubrica","article_modified_time":"2024-11-22T12:21:05+00:00","og_image":[{"width":1200,"height":1200,"url":"https:\/\/tubrica.com\/wp-content\/uploads\/2020\/10\/acu_tapon_e_1.jpg","type":"image\/jpeg"}],"twitter_card":"summary_large_image","schema":{"@context":"https:\/\/schema.org","@graph":[{"@type":"WebPage","@id":"https:\/\/tubrica.com\/producto\/tapon-e-2\/","url":"https:\/\/tubrica.com\/producto\/tapon-e-2\/","name":"TAP\u00d3N E - Tubrica","isPartOf":{"@id":"https:\/\/tubrica.com\/#website"},"primaryImageOfPage":{"@id":"https:\/\/tubrica.com\/producto\/tapon-e-2\/#primaryimage"},"image":{"@id":"https:\/\/tubrica.com\/producto\/tapon-e-2\/#primaryimage"},"thumbnailUrl":"https:\/\/tubrica.com\/wp-content\/uploads\/2020\/10\/acu_tapon_e_1.jpg","datePublished":"2020-12-29T19:26:21+00:00","dateModified":"2024-11-22T12:21:05+00:00","breadcrumb":{"@id":"https:\/\/tubrica.com\/producto\/tapon-e-2\/#breadcrumb"},"inLanguage":"en-US","potentialAction":[{"@type":"ReadAction","target":["https:\/\/tubrica.com\/producto\/tapon-e-2\/"]}]},{"@type":"ImageObject","inLanguage":"en-US","@id":"https:\/\/tubrica.com\/producto\/tapon-e-2\/#primaryimage","url":"https:\/\/tubrica.com\/wp-content\/uploads\/2020\/10\/acu_tapon_e_1.jpg","contentUrl":"https:\/\/tubrica.com\/wp-content\/uploads\/2020\/10\/acu_tapon_e_1.jpg","width":1200,"height":1200},{"@type":"BreadcrumbList","@id":"https:\/\/tubrica.com\/producto\/tapon-e-2\/#breadcrumb","itemListElement":[{"@type":"ListItem","position":1,"name":"Portada","item":"https:\/\/tubrica.com\/"},{"@type":"ListItem","position":2,"name":"TUBER\u00cdAS Y CONEXIONES","item":"https:\/\/tubrica.com\/?page_id=19"},{"@type":"ListItem","position":3,"name":"TAP\u00d3N E"}]},{"@type":"WebSite","@id":"https:\/\/tubrica.com\/#website","url":"https:\/\/tubrica.com\/","name":"Tubrica","description":"","publisher":{"@id":"https:\/\/tubrica.com\/#organization"},"potentialAction":[{"@type":"SearchAction","target":{"@type":"EntryPoint","urlTemplate":"https:\/\/tubrica.com\/?s={search_term_string}"},"query-input":{"@type":"PropertyValueSpecification","valueRequired":true,"valueName":"search_term_string"}}],"inLanguage":"en-US"},{"@type":"Organization","@id":"https:\/\/tubrica.com\/#organization","name":"Tubrica","url":"https:\/\/tubrica.com\/","logo":{"@type":"ImageObject","inLanguage":"en-US","@id":"https:\/\/tubrica.com\/#\/schema\/logo\/image\/","url":"https:\/\/tubrica.com\/wp-content\/uploads\/2020\/04\/LOGO_TUBRICA_350x100.png","contentUrl":"https:\/\/tubrica.com\/wp-content\/uploads\/2020\/04\/LOGO_TUBRICA_350x100.png","width":1459,"height":417,"caption":"Tubrica"},"image":{"@id":"https:\/\/tubrica.com\/#\/schema\/logo\/image\/"}}]}},"_links":{"self":[{"href":"https:\/\/tubrica.com\/en\/wp-json\/wp\/v2\/product\/10838"}],"collection":[{"href":"https:\/\/tubrica.com\/en\/wp-json\/wp\/v2\/product"}],"about":[{"href":"https:\/\/tubrica.com\/en\/wp-json\/wp\/v2\/types\/product"}],"wp:featuredmedia":[{"embeddable":true,"href":"https:\/\/tubrica.com\/en\/wp-json\/wp\/v2\/media\/8863"}],"wp:attachment":[{"href":"https:\/\/tubrica.com\/en\/wp-json\/wp\/v2\/media?parent=10838"}],"wp:term":[{"taxonomy":"product_cat","embeddable":true,"href":"https:\/\/tubrica.com\/en\/wp-json\/wp\/v2\/product_cat?post=10838"},{"taxonomy":"product_tag","embeddable":true,"href":"https:\/\/tubrica.com\/en\/wp-json\/wp\/v2\/product_tag?post=10838"}],"curies":[{"name":"wp","href":"https:\/\/api.w.org\/{rel}","templated":true}]}}