{"id":7947,"date":"2020-09-29T15:43:01","date_gmt":"2020-09-29T15:43:01","guid":{"rendered":"http:\/\/tubrica.ignitecore.io\/product\/reduccion-exja\/"},"modified":"2025-04-08T18:31:51","modified_gmt":"2025-04-08T18:31:51","slug":"reduccion-exja","status":"publish","type":"product","link":"https:\/\/tubrica.com\/en\/product\/reduccion-exja\/","title":{"rendered":"REDUCCI\u00d3N ExJA"},"content":{"rendered":"","protected":false},"excerpt":{"rendered":"<p>Conexi\u00f3n de PVC que permite un cambio de di\u00e1metro en sistemas de acueducto. Viene en presentaci\u00f3n Espiga x Junta Autom\u00e1tica. Color Gris Oscuro. Para su instalaci\u00f3n se debe limpiar muy bien el anillo en la campana y lubricar con productos no derivados del petr\u00f3leo.<\/p>","protected":false},"featured_media":9047,"template":"","meta":{"_acf_changed":false,"_joinchat":[]},"product_cat":[345,341,346,343,344,342],"product_tag":[],"acf":[],"yoast_head":"<!-- This site is optimized with the Yoast SEO plugin v24.0 - https:\/\/yoast.com\/wordpress\/plugins\/seo\/ -->\n<title>REDUCCI\u00d3N ExJA - Tubrica<\/title>\n<meta name=\"robots\" content=\"index, follow, max-snippet:-1, max-image-preview:large, max-video-preview:-1\" \/>\n<link rel=\"canonical\" href=\"https:\/\/ec2-52-4-188-235.compute-1.amazonaws.com\/en\/product\/reduccion-exja\/\" \/>\n<meta property=\"og:locale\" content=\"en_US\" \/>\n<meta property=\"og:type\" content=\"article\" \/>\n<meta property=\"og:title\" content=\"REDUCCI\u00d3N ExJA - Tubrica\" \/>\n<meta property=\"og:description\" content=\"Conexi\u00f3n de PVC que permite un cambio de di\u00e1metro en sistemas de acueducto. Viene en presentaci\u00f3n Espiga x Junta Autom\u00e1tica. Color Gris Oscuro. Para su instalaci\u00f3n se debe limpiar muy bien el anillo en la campana y lubricar con productos no derivados del petr\u00f3leo.\" \/>\n<meta property=\"og:url\" content=\"https:\/\/ec2-52-4-188-235.compute-1.amazonaws.com\/en\/product\/reduccion-exja\/\" \/>\n<meta property=\"og:site_name\" content=\"Tubrica\" \/>\n<meta property=\"article:modified_time\" content=\"2025-04-08T18:31:51+00:00\" \/>\n<meta property=\"og:image\" content=\"https:\/\/ec2-52-4-188-235.compute-1.amazonaws.com\/wp-content\/uploads\/2020\/10\/r_reduccion_exja_1.jpg\" \/>\n\t<meta property=\"og:image:width\" content=\"1200\" \/>\n\t<meta property=\"og:image:height\" content=\"1200\" \/>\n\t<meta property=\"og:image:type\" content=\"image\/jpeg\" \/>\n<meta name=\"twitter:card\" content=\"summary_large_image\" \/>\n<script type=\"application\/ld+json\" class=\"yoast-schema-graph\">{\"@context\":\"https:\/\/schema.org\",\"@graph\":[{\"@type\":\"WebPage\",\"@id\":\"https:\/\/ec2-52-4-188-235.compute-1.amazonaws.com\/en\/product\/reduccion-exja\/\",\"url\":\"https:\/\/ec2-52-4-188-235.compute-1.amazonaws.com\/en\/product\/reduccion-exja\/\",\"name\":\"REDUCCI\u00d3N ExJA - Tubrica\",\"isPartOf\":{\"@id\":\"https:\/\/52.4.188.235\/en\/#website\"},\"primaryImageOfPage\":{\"@id\":\"https:\/\/ec2-52-4-188-235.compute-1.amazonaws.com\/en\/product\/reduccion-exja\/#primaryimage\"},\"image\":{\"@id\":\"https:\/\/ec2-52-4-188-235.compute-1.amazonaws.com\/en\/product\/reduccion-exja\/#primaryimage\"},\"thumbnailUrl\":\"https:\/\/tubrica.com\/wp-content\/uploads\/2020\/10\/r_reduccion_exja_1.jpg\",\"datePublished\":\"2020-09-29T15:43:01+00:00\",\"dateModified\":\"2025-04-08T18:31:51+00:00\",\"breadcrumb\":{\"@id\":\"https:\/\/ec2-52-4-188-235.compute-1.amazonaws.com\/en\/product\/reduccion-exja\/#breadcrumb\"},\"inLanguage\":\"en-US\",\"potentialAction\":[{\"@type\":\"ReadAction\",\"target\":[\"https:\/\/ec2-52-4-188-235.compute-1.amazonaws.com\/en\/product\/reduccion-exja\/\"]}]},{\"@type\":\"ImageObject\",\"inLanguage\":\"en-US\",\"@id\":\"https:\/\/ec2-52-4-188-235.compute-1.amazonaws.com\/en\/product\/reduccion-exja\/#primaryimage\",\"url\":\"https:\/\/tubrica.com\/wp-content\/uploads\/2020\/10\/r_reduccion_exja_1.jpg\",\"contentUrl\":\"https:\/\/tubrica.com\/wp-content\/uploads\/2020\/10\/r_reduccion_exja_1.jpg\",\"width\":1200,\"height\":1200},{\"@type\":\"BreadcrumbList\",\"@id\":\"https:\/\/ec2-52-4-188-235.compute-1.amazonaws.com\/en\/product\/reduccion-exja\/#breadcrumb\",\"itemListElement\":[{\"@type\":\"ListItem\",\"position\":1,\"name\":\"Portada\",\"item\":\"https:\/\/52.4.188.235\/en\/\"},{\"@type\":\"ListItem\",\"position\":2,\"name\":\"TUBER\u00cdAS Y CONEXIONES\",\"item\":\"https:\/\/tubrica.com\/?page_id=19\"},{\"@type\":\"ListItem\",\"position\":3,\"name\":\"REDUCCI\u00d3N ExJA\"}]},{\"@type\":\"WebSite\",\"@id\":\"https:\/\/52.4.188.235\/en\/#website\",\"url\":\"https:\/\/52.4.188.235\/en\/\",\"name\":\"Tubrica\",\"description\":\"\",\"publisher\":{\"@id\":\"https:\/\/52.4.188.235\/en\/#organization\"},\"potentialAction\":[{\"@type\":\"SearchAction\",\"target\":{\"@type\":\"EntryPoint\",\"urlTemplate\":\"https:\/\/52.4.188.235\/en\/?s={search_term_string}\"},\"query-input\":{\"@type\":\"PropertyValueSpecification\",\"valueRequired\":true,\"valueName\":\"search_term_string\"}}],\"inLanguage\":\"en-US\"},{\"@type\":\"Organization\",\"@id\":\"https:\/\/52.4.188.235\/en\/#organization\",\"name\":\"Tubrica\",\"url\":\"https:\/\/52.4.188.235\/en\/\",\"logo\":{\"@type\":\"ImageObject\",\"inLanguage\":\"en-US\",\"@id\":\"https:\/\/52.4.188.235\/en\/#\/schema\/logo\/image\/\",\"url\":\"https:\/\/tubrica.com\/wp-content\/uploads\/2020\/04\/LOGO_TUBRICA_350x100.png\",\"contentUrl\":\"https:\/\/tubrica.com\/wp-content\/uploads\/2020\/04\/LOGO_TUBRICA_350x100.png\",\"width\":1459,\"height\":417,\"caption\":\"Tubrica\"},\"image\":{\"@id\":\"https:\/\/52.4.188.235\/en\/#\/schema\/logo\/image\/\"}}]}<\/script>\n<!-- \/ Yoast SEO plugin. -->","yoast_head_json":{"title":"REDUCCI\u00d3N ExJA - Tubrica","robots":{"index":"index","follow":"follow","max-snippet":"max-snippet:-1","max-image-preview":"max-image-preview:large","max-video-preview":"max-video-preview:-1"},"canonical":"https:\/\/ec2-52-4-188-235.compute-1.amazonaws.com\/en\/product\/reduccion-exja\/","og_locale":"en_US","og_type":"article","og_title":"REDUCCI\u00d3N ExJA - Tubrica","og_description":"Conexi\u00f3n de PVC que permite un cambio de di\u00e1metro en sistemas de acueducto. Viene en presentaci\u00f3n Espiga x Junta Autom\u00e1tica. Color Gris Oscuro. Para su instalaci\u00f3n se debe limpiar muy bien el anillo en la campana y lubricar con productos no derivados del petr\u00f3leo.","og_url":"https:\/\/ec2-52-4-188-235.compute-1.amazonaws.com\/en\/product\/reduccion-exja\/","og_site_name":"Tubrica","article_modified_time":"2025-04-08T18:31:51+00:00","og_image":[{"width":1200,"height":1200,"url":"https:\/\/ec2-52-4-188-235.compute-1.amazonaws.com\/wp-content\/uploads\/2020\/10\/r_reduccion_exja_1.jpg","type":"image\/jpeg"}],"twitter_card":"summary_large_image","schema":{"@context":"https:\/\/schema.org","@graph":[{"@type":"WebPage","@id":"https:\/\/ec2-52-4-188-235.compute-1.amazonaws.com\/en\/product\/reduccion-exja\/","url":"https:\/\/ec2-52-4-188-235.compute-1.amazonaws.com\/en\/product\/reduccion-exja\/","name":"REDUCCI\u00d3N ExJA - Tubrica","isPartOf":{"@id":"https:\/\/52.4.188.235\/en\/#website"},"primaryImageOfPage":{"@id":"https:\/\/ec2-52-4-188-235.compute-1.amazonaws.com\/en\/product\/reduccion-exja\/#primaryimage"},"image":{"@id":"https:\/\/ec2-52-4-188-235.compute-1.amazonaws.com\/en\/product\/reduccion-exja\/#primaryimage"},"thumbnailUrl":"https:\/\/tubrica.com\/wp-content\/uploads\/2020\/10\/r_reduccion_exja_1.jpg","datePublished":"2020-09-29T15:43:01+00:00","dateModified":"2025-04-08T18:31:51+00:00","breadcrumb":{"@id":"https:\/\/ec2-52-4-188-235.compute-1.amazonaws.com\/en\/product\/reduccion-exja\/#breadcrumb"},"inLanguage":"en-US","potentialAction":[{"@type":"ReadAction","target":["https:\/\/ec2-52-4-188-235.compute-1.amazonaws.com\/en\/product\/reduccion-exja\/"]}]},{"@type":"ImageObject","inLanguage":"en-US","@id":"https:\/\/ec2-52-4-188-235.compute-1.amazonaws.com\/en\/product\/reduccion-exja\/#primaryimage","url":"https:\/\/tubrica.com\/wp-content\/uploads\/2020\/10\/r_reduccion_exja_1.jpg","contentUrl":"https:\/\/tubrica.com\/wp-content\/uploads\/2020\/10\/r_reduccion_exja_1.jpg","width":1200,"height":1200},{"@type":"BreadcrumbList","@id":"https:\/\/ec2-52-4-188-235.compute-1.amazonaws.com\/en\/product\/reduccion-exja\/#breadcrumb","itemListElement":[{"@type":"ListItem","position":1,"name":"Portada","item":"https:\/\/52.4.188.235\/en\/"},{"@type":"ListItem","position":2,"name":"TUBER\u00cdAS Y CONEXIONES","item":"https:\/\/tubrica.com\/?page_id=19"},{"@type":"ListItem","position":3,"name":"REDUCCI\u00d3N ExJA"}]},{"@type":"WebSite","@id":"https:\/\/52.4.188.235\/en\/#website","url":"https:\/\/52.4.188.235\/en\/","name":"Tubrica","description":"","publisher":{"@id":"https:\/\/52.4.188.235\/en\/#organization"},"potentialAction":[{"@type":"SearchAction","target":{"@type":"EntryPoint","urlTemplate":"https:\/\/52.4.188.235\/en\/?s={search_term_string}"},"query-input":{"@type":"PropertyValueSpecification","valueRequired":true,"valueName":"search_term_string"}}],"inLanguage":"en-US"},{"@type":"Organization","@id":"https:\/\/52.4.188.235\/en\/#organization","name":"Tubrica","url":"https:\/\/52.4.188.235\/en\/","logo":{"@type":"ImageObject","inLanguage":"en-US","@id":"https:\/\/52.4.188.235\/en\/#\/schema\/logo\/image\/","url":"https:\/\/tubrica.com\/wp-content\/uploads\/2020\/04\/LOGO_TUBRICA_350x100.png","contentUrl":"https:\/\/tubrica.com\/wp-content\/uploads\/2020\/04\/LOGO_TUBRICA_350x100.png","width":1459,"height":417,"caption":"Tubrica"},"image":{"@id":"https:\/\/52.4.188.235\/en\/#\/schema\/logo\/image\/"}}]}},"_links":{"self":[{"href":"https:\/\/tubrica.com\/en\/wp-json\/wp\/v2\/product\/7947"}],"collection":[{"href":"https:\/\/tubrica.com\/en\/wp-json\/wp\/v2\/product"}],"about":[{"href":"https:\/\/tubrica.com\/en\/wp-json\/wp\/v2\/types\/product"}],"wp:featuredmedia":[{"embeddable":true,"href":"https:\/\/tubrica.com\/en\/wp-json\/wp\/v2\/media\/9047"}],"wp:attachment":[{"href":"https:\/\/tubrica.com\/en\/wp-json\/wp\/v2\/media?parent=7947"}],"wp:term":[{"taxonomy":"product_cat","embeddable":true,"href":"https:\/\/tubrica.com\/en\/wp-json\/wp\/v2\/product_cat?post=7947"},{"taxonomy":"product_tag","embeddable":true,"href":"https:\/\/tubrica.com\/en\/wp-json\/wp\/v2\/product_tag?post=7947"}],"curies":[{"name":"wp","href":"https:\/\/api.w.org\/{rel}","templated":true}]}}