{"id":8139,"date":"2020-09-29T15:44:40","date_gmt":"2020-09-29T15:44:40","guid":{"rendered":"http:\/\/tubrica.ignitecore.io\/product\/adaptador-macho-reducido-mrxc-rosca-npt\/"},"modified":"2025-12-05T15:36:18","modified_gmt":"2025-12-05T15:36:18","slug":"adaptador-macho-reducido-mrxc-rosca-npt","status":"publish","type":"product","link":"https:\/\/tubrica.com\/en\/product\/adaptador-macho-reducido-mrxc-rosca-npt\/","title":{"rendered":"ADAPTADOR MACHO REDUCIDO MRxC ROSCA NPT"},"content":{"rendered":"","protected":false},"excerpt":{"rendered":"<p>Conexi\u00f3n de PVC que permite hacer la transici\u00f3n reducida a una pieza met\u00e1lica de rosca contraria en sistemas de presi\u00f3n agua fr\u00eda. Viene en presentaci\u00f3n Macho Roscado x Campana. Color Gris Oscuro. En su instalaci\u00f3n debe utilizarse Limpiador y Soldadura para PVC, y tefl\u00f3n para la rosca.<\/p>","protected":false},"featured_media":8877,"template":"","meta":{"_acf_changed":false,"_joinchat":[]},"product_cat":[339,340,338],"product_tag":[],"acf":[],"yoast_head":"<!-- This site is optimized with the Yoast SEO plugin v24.0 - https:\/\/yoast.com\/wordpress\/plugins\/seo\/ -->\n<title>ADAPTADOR MACHO REDUCIDO MRxC ROSCA NPT - Tubrica<\/title>\n<meta name=\"robots\" content=\"index, follow, max-snippet:-1, max-image-preview:large, max-video-preview:-1\" \/>\n<link rel=\"canonical\" href=\"https:\/\/tubrica.com\/en\/product\/adaptador-macho-reducido-mrxc-rosca-npt\/\" \/>\n<meta property=\"og:locale\" content=\"en_US\" \/>\n<meta property=\"og:type\" content=\"article\" \/>\n<meta property=\"og:title\" content=\"ADAPTADOR MACHO REDUCIDO MRxC ROSCA NPT - Tubrica\" \/>\n<meta property=\"og:description\" content=\"Conexi\u00f3n de PVC que permite hacer la transici\u00f3n reducida a una pieza met\u00e1lica de rosca contraria en sistemas de presi\u00f3n agua fr\u00eda. Viene en presentaci\u00f3n Macho Roscado x Campana. Color Gris Oscuro. En su instalaci\u00f3n debe utilizarse Limpiador y Soldadura para PVC, y tefl\u00f3n para la rosca.\" \/>\n<meta property=\"og:url\" content=\"https:\/\/tubrica.com\/en\/product\/adaptador-macho-reducido-mrxc-rosca-npt\/\" \/>\n<meta property=\"og:site_name\" content=\"Tubrica\" \/>\n<meta property=\"article:modified_time\" content=\"2025-12-05T15:36:18+00:00\" \/>\n<meta property=\"og:image\" content=\"https:\/\/tubrica.com\/wp-content\/uploads\/2020\/10\/af_adaptador_macho_reducido_1.jpg\" \/>\n\t<meta property=\"og:image:width\" content=\"1200\" \/>\n\t<meta property=\"og:image:height\" content=\"1200\" \/>\n\t<meta property=\"og:image:type\" content=\"image\/jpeg\" \/>\n<meta name=\"twitter:card\" content=\"summary_large_image\" \/>\n<script type=\"application\/ld+json\" class=\"yoast-schema-graph\">{\"@context\":\"https:\/\/schema.org\",\"@graph\":[{\"@type\":\"WebPage\",\"@id\":\"https:\/\/tubrica.com\/producto\/adaptador-macho-reducido-mrxc-rosca-npt\/\",\"url\":\"https:\/\/tubrica.com\/producto\/adaptador-macho-reducido-mrxc-rosca-npt\/\",\"name\":\"ADAPTADOR MACHO REDUCIDO MRxC ROSCA NPT - Tubrica\",\"isPartOf\":{\"@id\":\"https:\/\/52.4.188.235\/en\/#website\"},\"primaryImageOfPage\":{\"@id\":\"https:\/\/tubrica.com\/producto\/adaptador-macho-reducido-mrxc-rosca-npt\/#primaryimage\"},\"image\":{\"@id\":\"https:\/\/tubrica.com\/producto\/adaptador-macho-reducido-mrxc-rosca-npt\/#primaryimage\"},\"thumbnailUrl\":\"https:\/\/tubrica.com\/wp-content\/uploads\/2020\/10\/af_adaptador_macho_reducido_1.jpg\",\"datePublished\":\"2020-09-29T15:44:40+00:00\",\"dateModified\":\"2025-12-05T15:36:18+00:00\",\"breadcrumb\":{\"@id\":\"https:\/\/tubrica.com\/producto\/adaptador-macho-reducido-mrxc-rosca-npt\/#breadcrumb\"},\"inLanguage\":\"en-US\",\"potentialAction\":[{\"@type\":\"ReadAction\",\"target\":[\"https:\/\/tubrica.com\/producto\/adaptador-macho-reducido-mrxc-rosca-npt\/\"]}]},{\"@type\":\"ImageObject\",\"inLanguage\":\"en-US\",\"@id\":\"https:\/\/tubrica.com\/producto\/adaptador-macho-reducido-mrxc-rosca-npt\/#primaryimage\",\"url\":\"https:\/\/tubrica.com\/wp-content\/uploads\/2020\/10\/af_adaptador_macho_reducido_1.jpg\",\"contentUrl\":\"https:\/\/tubrica.com\/wp-content\/uploads\/2020\/10\/af_adaptador_macho_reducido_1.jpg\",\"width\":1200,\"height\":1200},{\"@type\":\"BreadcrumbList\",\"@id\":\"https:\/\/tubrica.com\/producto\/adaptador-macho-reducido-mrxc-rosca-npt\/#breadcrumb\",\"itemListElement\":[{\"@type\":\"ListItem\",\"position\":1,\"name\":\"Portada\",\"item\":\"https:\/\/52.4.188.235\/en\/\"},{\"@type\":\"ListItem\",\"position\":2,\"name\":\"TUBER\u00cdAS Y CONEXIONES\",\"item\":\"https:\/\/tubrica.com\/?page_id=19\"},{\"@type\":\"ListItem\",\"position\":3,\"name\":\"ADAPTADOR MACHO REDUCIDO MRxC ROSCA NPT\"}]},{\"@type\":\"WebSite\",\"@id\":\"https:\/\/52.4.188.235\/en\/#website\",\"url\":\"https:\/\/52.4.188.235\/en\/\",\"name\":\"Tubrica\",\"description\":\"\",\"publisher\":{\"@id\":\"https:\/\/52.4.188.235\/en\/#organization\"},\"potentialAction\":[{\"@type\":\"SearchAction\",\"target\":{\"@type\":\"EntryPoint\",\"urlTemplate\":\"https:\/\/52.4.188.235\/en\/?s={search_term_string}\"},\"query-input\":{\"@type\":\"PropertyValueSpecification\",\"valueRequired\":true,\"valueName\":\"search_term_string\"}}],\"inLanguage\":\"en-US\"},{\"@type\":\"Organization\",\"@id\":\"https:\/\/52.4.188.235\/en\/#organization\",\"name\":\"Tubrica\",\"url\":\"https:\/\/52.4.188.235\/en\/\",\"logo\":{\"@type\":\"ImageObject\",\"inLanguage\":\"en-US\",\"@id\":\"https:\/\/52.4.188.235\/en\/#\/schema\/logo\/image\/\",\"url\":\"https:\/\/tubrica.com\/wp-content\/uploads\/2020\/04\/LOGO_TUBRICA_350x100.png\",\"contentUrl\":\"https:\/\/tubrica.com\/wp-content\/uploads\/2020\/04\/LOGO_TUBRICA_350x100.png\",\"width\":1459,\"height\":417,\"caption\":\"Tubrica\"},\"image\":{\"@id\":\"https:\/\/52.4.188.235\/en\/#\/schema\/logo\/image\/\"}}]}<\/script>\n<!-- \/ Yoast SEO plugin. -->","yoast_head_json":{"title":"ADAPTADOR MACHO REDUCIDO MRxC ROSCA NPT - Tubrica","robots":{"index":"index","follow":"follow","max-snippet":"max-snippet:-1","max-image-preview":"max-image-preview:large","max-video-preview":"max-video-preview:-1"},"canonical":"https:\/\/tubrica.com\/en\/product\/adaptador-macho-reducido-mrxc-rosca-npt\/","og_locale":"en_US","og_type":"article","og_title":"ADAPTADOR MACHO REDUCIDO MRxC ROSCA NPT - Tubrica","og_description":"Conexi\u00f3n de PVC que permite hacer la transici\u00f3n reducida a una pieza met\u00e1lica de rosca contraria en sistemas de presi\u00f3n agua fr\u00eda. Viene en presentaci\u00f3n Macho Roscado x Campana. Color Gris Oscuro. En su instalaci\u00f3n debe utilizarse Limpiador y Soldadura para PVC, y tefl\u00f3n para la rosca.","og_url":"https:\/\/tubrica.com\/en\/product\/adaptador-macho-reducido-mrxc-rosca-npt\/","og_site_name":"Tubrica","article_modified_time":"2025-12-05T15:36:18+00:00","og_image":[{"width":1200,"height":1200,"url":"https:\/\/tubrica.com\/wp-content\/uploads\/2020\/10\/af_adaptador_macho_reducido_1.jpg","type":"image\/jpeg"}],"twitter_card":"summary_large_image","schema":{"@context":"https:\/\/schema.org","@graph":[{"@type":"WebPage","@id":"https:\/\/tubrica.com\/producto\/adaptador-macho-reducido-mrxc-rosca-npt\/","url":"https:\/\/tubrica.com\/producto\/adaptador-macho-reducido-mrxc-rosca-npt\/","name":"ADAPTADOR MACHO REDUCIDO MRxC ROSCA NPT - Tubrica","isPartOf":{"@id":"https:\/\/52.4.188.235\/en\/#website"},"primaryImageOfPage":{"@id":"https:\/\/tubrica.com\/producto\/adaptador-macho-reducido-mrxc-rosca-npt\/#primaryimage"},"image":{"@id":"https:\/\/tubrica.com\/producto\/adaptador-macho-reducido-mrxc-rosca-npt\/#primaryimage"},"thumbnailUrl":"https:\/\/tubrica.com\/wp-content\/uploads\/2020\/10\/af_adaptador_macho_reducido_1.jpg","datePublished":"2020-09-29T15:44:40+00:00","dateModified":"2025-12-05T15:36:18+00:00","breadcrumb":{"@id":"https:\/\/tubrica.com\/producto\/adaptador-macho-reducido-mrxc-rosca-npt\/#breadcrumb"},"inLanguage":"en-US","potentialAction":[{"@type":"ReadAction","target":["https:\/\/tubrica.com\/producto\/adaptador-macho-reducido-mrxc-rosca-npt\/"]}]},{"@type":"ImageObject","inLanguage":"en-US","@id":"https:\/\/tubrica.com\/producto\/adaptador-macho-reducido-mrxc-rosca-npt\/#primaryimage","url":"https:\/\/tubrica.com\/wp-content\/uploads\/2020\/10\/af_adaptador_macho_reducido_1.jpg","contentUrl":"https:\/\/tubrica.com\/wp-content\/uploads\/2020\/10\/af_adaptador_macho_reducido_1.jpg","width":1200,"height":1200},{"@type":"BreadcrumbList","@id":"https:\/\/tubrica.com\/producto\/adaptador-macho-reducido-mrxc-rosca-npt\/#breadcrumb","itemListElement":[{"@type":"ListItem","position":1,"name":"Portada","item":"https:\/\/52.4.188.235\/en\/"},{"@type":"ListItem","position":2,"name":"TUBER\u00cdAS Y CONEXIONES","item":"https:\/\/tubrica.com\/?page_id=19"},{"@type":"ListItem","position":3,"name":"ADAPTADOR MACHO REDUCIDO MRxC ROSCA NPT"}]},{"@type":"WebSite","@id":"https:\/\/52.4.188.235\/en\/#website","url":"https:\/\/52.4.188.235\/en\/","name":"Tubrica","description":"","publisher":{"@id":"https:\/\/52.4.188.235\/en\/#organization"},"potentialAction":[{"@type":"SearchAction","target":{"@type":"EntryPoint","urlTemplate":"https:\/\/52.4.188.235\/en\/?s={search_term_string}"},"query-input":{"@type":"PropertyValueSpecification","valueRequired":true,"valueName":"search_term_string"}}],"inLanguage":"en-US"},{"@type":"Organization","@id":"https:\/\/52.4.188.235\/en\/#organization","name":"Tubrica","url":"https:\/\/52.4.188.235\/en\/","logo":{"@type":"ImageObject","inLanguage":"en-US","@id":"https:\/\/52.4.188.235\/en\/#\/schema\/logo\/image\/","url":"https:\/\/tubrica.com\/wp-content\/uploads\/2020\/04\/LOGO_TUBRICA_350x100.png","contentUrl":"https:\/\/tubrica.com\/wp-content\/uploads\/2020\/04\/LOGO_TUBRICA_350x100.png","width":1459,"height":417,"caption":"Tubrica"},"image":{"@id":"https:\/\/52.4.188.235\/en\/#\/schema\/logo\/image\/"}}]}},"_links":{"self":[{"href":"https:\/\/tubrica.com\/en\/wp-json\/wp\/v2\/product\/8139"}],"collection":[{"href":"https:\/\/tubrica.com\/en\/wp-json\/wp\/v2\/product"}],"about":[{"href":"https:\/\/tubrica.com\/en\/wp-json\/wp\/v2\/types\/product"}],"wp:featuredmedia":[{"embeddable":true,"href":"https:\/\/tubrica.com\/en\/wp-json\/wp\/v2\/media\/8877"}],"wp:attachment":[{"href":"https:\/\/tubrica.com\/en\/wp-json\/wp\/v2\/media?parent=8139"}],"wp:term":[{"taxonomy":"product_cat","embeddable":true,"href":"https:\/\/tubrica.com\/en\/wp-json\/wp\/v2\/product_cat?post=8139"},{"taxonomy":"product_tag","embeddable":true,"href":"https:\/\/tubrica.com\/en\/wp-json\/wp\/v2\/product_tag?post=8139"}],"curies":[{"name":"wp","href":"https:\/\/api.w.org\/{rel}","templated":true}]}}