{"id":8371,"date":"2020-09-29T15:47:06","date_gmt":"2020-09-29T15:47:06","guid":{"rendered":"http:\/\/tubrica.ignitecore.io\/product\/codo-x90-jaxe\/"},"modified":"2025-07-24T13:43:06","modified_gmt":"2025-07-24T13:43:06","slug":"codo-x90-jaxe","status":"publish","type":"product","link":"https:\/\/tubrica.com\/en\/product\/codo-x90-jaxe\/","title":{"rendered":"CODO x90\u00b0 JAxE"},"content":{"rendered":"","protected":false},"excerpt":{"rendered":"<p>Conexi\u00f3n de PVC que permite un cambio de direcci\u00f3n de 90\u00b0 en sistemas de alcantarillado. Viene en presentaci\u00f3n Junta Autom\u00e1tica x Espiga. Color Blanco. Se utiliza principalmente en la conexi\u00f3n de la tuber\u00eda de 160mm al Cachimbo en los Empotramientos. Para su instalaci\u00f3n se debe limpiar muy bien el anillo en la campana y lubricar con productos no derivados del petr\u00f3leo.<\/p>","protected":false},"featured_media":8797,"template":"","meta":{"_acf_changed":false,"_joinchat":[]},"product_cat":[375,382,344],"product_tag":[],"acf":[],"yoast_head":"<!-- This site is optimized with the Yoast SEO plugin v24.0 - https:\/\/yoast.com\/wordpress\/plugins\/seo\/ -->\n<title>CODO x90\u00b0 JAxE - Tubrica<\/title>\n<meta name=\"robots\" content=\"index, follow, max-snippet:-1, max-image-preview:large, max-video-preview:-1\" \/>\n<link rel=\"canonical\" href=\"https:\/\/ec2-52-4-188-235.compute-1.amazonaws.com\/en\/product\/codo-x90-jaxe\/\" \/>\n<meta property=\"og:locale\" content=\"en_US\" \/>\n<meta property=\"og:type\" content=\"article\" \/>\n<meta property=\"og:title\" content=\"CODO x90\u00b0 JAxE - Tubrica\" \/>\n<meta property=\"og:description\" content=\"Conexi\u00f3n de PVC que permite un cambio de direcci\u00f3n de 90\u00b0 en sistemas de alcantarillado. Viene en presentaci\u00f3n Junta Autom\u00e1tica x Espiga. Color Blanco. Se utiliza principalmente en la conexi\u00f3n de la tuber\u00eda de 160mm al Cachimbo en los Empotramientos. Para su instalaci\u00f3n se debe limpiar muy bien el anillo en la campana y lubricar con productos no derivados del petr\u00f3leo.\" \/>\n<meta property=\"og:url\" content=\"https:\/\/ec2-52-4-188-235.compute-1.amazonaws.com\/en\/product\/codo-x90-jaxe\/\" \/>\n<meta property=\"og:site_name\" content=\"Tubrica\" \/>\n<meta property=\"article:modified_time\" content=\"2025-07-24T13:43:06+00:00\" \/>\n<meta property=\"og:image\" content=\"https:\/\/ec2-52-4-188-235.compute-1.amazonaws.com\/wp-content\/uploads\/2020\/10\/a_codo_90_1.jpg\" \/>\n\t<meta property=\"og:image:width\" content=\"1200\" \/>\n\t<meta property=\"og:image:height\" content=\"1200\" \/>\n\t<meta property=\"og:image:type\" content=\"image\/jpeg\" \/>\n<meta name=\"twitter:card\" content=\"summary_large_image\" \/>\n<script type=\"application\/ld+json\" class=\"yoast-schema-graph\">{\"@context\":\"https:\/\/schema.org\",\"@graph\":[{\"@type\":\"WebPage\",\"@id\":\"https:\/\/ec2-52-4-188-235.compute-1.amazonaws.com\/en\/product\/codo-x90-jaxe\/\",\"url\":\"https:\/\/ec2-52-4-188-235.compute-1.amazonaws.com\/en\/product\/codo-x90-jaxe\/\",\"name\":\"CODO x90\u00b0 JAxE - Tubrica\",\"isPartOf\":{\"@id\":\"https:\/\/52.4.188.235\/en\/#website\"},\"primaryImageOfPage\":{\"@id\":\"https:\/\/ec2-52-4-188-235.compute-1.amazonaws.com\/en\/product\/codo-x90-jaxe\/#primaryimage\"},\"image\":{\"@id\":\"https:\/\/ec2-52-4-188-235.compute-1.amazonaws.com\/en\/product\/codo-x90-jaxe\/#primaryimage\"},\"thumbnailUrl\":\"https:\/\/tubrica.com\/wp-content\/uploads\/2020\/10\/a_codo_90_1.jpg\",\"datePublished\":\"2020-09-29T15:47:06+00:00\",\"dateModified\":\"2025-07-24T13:43:06+00:00\",\"breadcrumb\":{\"@id\":\"https:\/\/ec2-52-4-188-235.compute-1.amazonaws.com\/en\/product\/codo-x90-jaxe\/#breadcrumb\"},\"inLanguage\":\"en-US\",\"potentialAction\":[{\"@type\":\"ReadAction\",\"target\":[\"https:\/\/ec2-52-4-188-235.compute-1.amazonaws.com\/en\/product\/codo-x90-jaxe\/\"]}]},{\"@type\":\"ImageObject\",\"inLanguage\":\"en-US\",\"@id\":\"https:\/\/ec2-52-4-188-235.compute-1.amazonaws.com\/en\/product\/codo-x90-jaxe\/#primaryimage\",\"url\":\"https:\/\/tubrica.com\/wp-content\/uploads\/2020\/10\/a_codo_90_1.jpg\",\"contentUrl\":\"https:\/\/tubrica.com\/wp-content\/uploads\/2020\/10\/a_codo_90_1.jpg\",\"width\":1200,\"height\":1200},{\"@type\":\"BreadcrumbList\",\"@id\":\"https:\/\/ec2-52-4-188-235.compute-1.amazonaws.com\/en\/product\/codo-x90-jaxe\/#breadcrumb\",\"itemListElement\":[{\"@type\":\"ListItem\",\"position\":1,\"name\":\"Portada\",\"item\":\"https:\/\/52.4.188.235\/en\/\"},{\"@type\":\"ListItem\",\"position\":2,\"name\":\"TUBER\u00cdAS Y CONEXIONES\",\"item\":\"https:\/\/tubrica.com\/?page_id=19\"},{\"@type\":\"ListItem\",\"position\":3,\"name\":\"CODO x90\u00b0 JAxE\"}]},{\"@type\":\"WebSite\",\"@id\":\"https:\/\/52.4.188.235\/en\/#website\",\"url\":\"https:\/\/52.4.188.235\/en\/\",\"name\":\"Tubrica\",\"description\":\"\",\"publisher\":{\"@id\":\"https:\/\/52.4.188.235\/en\/#organization\"},\"potentialAction\":[{\"@type\":\"SearchAction\",\"target\":{\"@type\":\"EntryPoint\",\"urlTemplate\":\"https:\/\/52.4.188.235\/en\/?s={search_term_string}\"},\"query-input\":{\"@type\":\"PropertyValueSpecification\",\"valueRequired\":true,\"valueName\":\"search_term_string\"}}],\"inLanguage\":\"en-US\"},{\"@type\":\"Organization\",\"@id\":\"https:\/\/52.4.188.235\/en\/#organization\",\"name\":\"Tubrica\",\"url\":\"https:\/\/52.4.188.235\/en\/\",\"logo\":{\"@type\":\"ImageObject\",\"inLanguage\":\"en-US\",\"@id\":\"https:\/\/52.4.188.235\/en\/#\/schema\/logo\/image\/\",\"url\":\"https:\/\/tubrica.com\/wp-content\/uploads\/2020\/04\/LOGO_TUBRICA_350x100.png\",\"contentUrl\":\"https:\/\/tubrica.com\/wp-content\/uploads\/2020\/04\/LOGO_TUBRICA_350x100.png\",\"width\":1459,\"height\":417,\"caption\":\"Tubrica\"},\"image\":{\"@id\":\"https:\/\/52.4.188.235\/en\/#\/schema\/logo\/image\/\"}}]}<\/script>\n<!-- \/ Yoast SEO plugin. -->","yoast_head_json":{"title":"CODO x90\u00b0 JAxE - Tubrica","robots":{"index":"index","follow":"follow","max-snippet":"max-snippet:-1","max-image-preview":"max-image-preview:large","max-video-preview":"max-video-preview:-1"},"canonical":"https:\/\/ec2-52-4-188-235.compute-1.amazonaws.com\/en\/product\/codo-x90-jaxe\/","og_locale":"en_US","og_type":"article","og_title":"CODO x90\u00b0 JAxE - Tubrica","og_description":"Conexi\u00f3n de PVC que permite un cambio de direcci\u00f3n de 90\u00b0 en sistemas de alcantarillado. Viene en presentaci\u00f3n Junta Autom\u00e1tica x Espiga. Color Blanco. Se utiliza principalmente en la conexi\u00f3n de la tuber\u00eda de 160mm al Cachimbo en los Empotramientos. Para su instalaci\u00f3n se debe limpiar muy bien el anillo en la campana y lubricar con productos no derivados del petr\u00f3leo.","og_url":"https:\/\/ec2-52-4-188-235.compute-1.amazonaws.com\/en\/product\/codo-x90-jaxe\/","og_site_name":"Tubrica","article_modified_time":"2025-07-24T13:43:06+00:00","og_image":[{"width":1200,"height":1200,"url":"https:\/\/ec2-52-4-188-235.compute-1.amazonaws.com\/wp-content\/uploads\/2020\/10\/a_codo_90_1.jpg","type":"image\/jpeg"}],"twitter_card":"summary_large_image","schema":{"@context":"https:\/\/schema.org","@graph":[{"@type":"WebPage","@id":"https:\/\/ec2-52-4-188-235.compute-1.amazonaws.com\/en\/product\/codo-x90-jaxe\/","url":"https:\/\/ec2-52-4-188-235.compute-1.amazonaws.com\/en\/product\/codo-x90-jaxe\/","name":"CODO x90\u00b0 JAxE - Tubrica","isPartOf":{"@id":"https:\/\/52.4.188.235\/en\/#website"},"primaryImageOfPage":{"@id":"https:\/\/ec2-52-4-188-235.compute-1.amazonaws.com\/en\/product\/codo-x90-jaxe\/#primaryimage"},"image":{"@id":"https:\/\/ec2-52-4-188-235.compute-1.amazonaws.com\/en\/product\/codo-x90-jaxe\/#primaryimage"},"thumbnailUrl":"https:\/\/tubrica.com\/wp-content\/uploads\/2020\/10\/a_codo_90_1.jpg","datePublished":"2020-09-29T15:47:06+00:00","dateModified":"2025-07-24T13:43:06+00:00","breadcrumb":{"@id":"https:\/\/ec2-52-4-188-235.compute-1.amazonaws.com\/en\/product\/codo-x90-jaxe\/#breadcrumb"},"inLanguage":"en-US","potentialAction":[{"@type":"ReadAction","target":["https:\/\/ec2-52-4-188-235.compute-1.amazonaws.com\/en\/product\/codo-x90-jaxe\/"]}]},{"@type":"ImageObject","inLanguage":"en-US","@id":"https:\/\/ec2-52-4-188-235.compute-1.amazonaws.com\/en\/product\/codo-x90-jaxe\/#primaryimage","url":"https:\/\/tubrica.com\/wp-content\/uploads\/2020\/10\/a_codo_90_1.jpg","contentUrl":"https:\/\/tubrica.com\/wp-content\/uploads\/2020\/10\/a_codo_90_1.jpg","width":1200,"height":1200},{"@type":"BreadcrumbList","@id":"https:\/\/ec2-52-4-188-235.compute-1.amazonaws.com\/en\/product\/codo-x90-jaxe\/#breadcrumb","itemListElement":[{"@type":"ListItem","position":1,"name":"Portada","item":"https:\/\/52.4.188.235\/en\/"},{"@type":"ListItem","position":2,"name":"TUBER\u00cdAS Y CONEXIONES","item":"https:\/\/tubrica.com\/?page_id=19"},{"@type":"ListItem","position":3,"name":"CODO x90\u00b0 JAxE"}]},{"@type":"WebSite","@id":"https:\/\/52.4.188.235\/en\/#website","url":"https:\/\/52.4.188.235\/en\/","name":"Tubrica","description":"","publisher":{"@id":"https:\/\/52.4.188.235\/en\/#organization"},"potentialAction":[{"@type":"SearchAction","target":{"@type":"EntryPoint","urlTemplate":"https:\/\/52.4.188.235\/en\/?s={search_term_string}"},"query-input":{"@type":"PropertyValueSpecification","valueRequired":true,"valueName":"search_term_string"}}],"inLanguage":"en-US"},{"@type":"Organization","@id":"https:\/\/52.4.188.235\/en\/#organization","name":"Tubrica","url":"https:\/\/52.4.188.235\/en\/","logo":{"@type":"ImageObject","inLanguage":"en-US","@id":"https:\/\/52.4.188.235\/en\/#\/schema\/logo\/image\/","url":"https:\/\/tubrica.com\/wp-content\/uploads\/2020\/04\/LOGO_TUBRICA_350x100.png","contentUrl":"https:\/\/tubrica.com\/wp-content\/uploads\/2020\/04\/LOGO_TUBRICA_350x100.png","width":1459,"height":417,"caption":"Tubrica"},"image":{"@id":"https:\/\/52.4.188.235\/en\/#\/schema\/logo\/image\/"}}]}},"_links":{"self":[{"href":"https:\/\/tubrica.com\/en\/wp-json\/wp\/v2\/product\/8371"}],"collection":[{"href":"https:\/\/tubrica.com\/en\/wp-json\/wp\/v2\/product"}],"about":[{"href":"https:\/\/tubrica.com\/en\/wp-json\/wp\/v2\/types\/product"}],"wp:featuredmedia":[{"embeddable":true,"href":"https:\/\/tubrica.com\/en\/wp-json\/wp\/v2\/media\/8797"}],"wp:attachment":[{"href":"https:\/\/tubrica.com\/en\/wp-json\/wp\/v2\/media?parent=8371"}],"wp:term":[{"taxonomy":"product_cat","embeddable":true,"href":"https:\/\/tubrica.com\/en\/wp-json\/wp\/v2\/product_cat?post=8371"},{"taxonomy":"product_tag","embeddable":true,"href":"https:\/\/tubrica.com\/en\/wp-json\/wp\/v2\/product_tag?post=8371"}],"curies":[{"name":"wp","href":"https:\/\/api.w.org\/{rel}","templated":true}]}}