{"id":8372,"date":"2020-09-29T15:47:06","date_gmt":"2020-09-29T15:47:06","guid":{"rendered":"http:\/\/tubrica.ignitecore.io\/product\/silla-yee-ja\/"},"modified":"2025-10-31T19:31:56","modified_gmt":"2025-10-31T19:31:56","slug":"silla-yee-ja","status":"publish","type":"product","link":"https:\/\/tubrica.com\/en\/product\/silla-yee-ja\/","title":{"rendered":"SILLA YEE JA"},"content":{"rendered":"","protected":false},"excerpt":{"rendered":"<p>Conexi\u00f3n de PVC que permite un hacer una incorporaci\u00f3n a 45\u00b0 al colector principal en sistemas de alcantarillado. Viene en presentaci\u00f3n Junta Autom\u00e1tica. Color Blanco. Se utiliza en la conexi\u00f3n de la tuber\u00eda de 160mm al Colector en los Empotramientos. Para su instalaci\u00f3n se debe limpiar muy bien el anillo en la campana y lubricar con productos no derivados del petr\u00f3leo. Al colector se conecta utilizando Limpiador y Soldadura para PVC.<\/p>","protected":false},"featured_media":8799,"template":"","meta":{"_acf_changed":false,"_joinchat":[]},"product_cat":[375,382,344],"product_tag":[],"acf":[],"yoast_head":"<!-- This site is optimized with the Yoast SEO plugin v24.0 - https:\/\/yoast.com\/wordpress\/plugins\/seo\/ -->\n<title>SILLA YEE JA - Tubrica<\/title>\n<meta name=\"robots\" content=\"index, follow, max-snippet:-1, max-image-preview:large, max-video-preview:-1\" \/>\n<link rel=\"canonical\" href=\"https:\/\/tubrica.com\/en\/product\/silla-yee-ja\/\" \/>\n<meta property=\"og:locale\" content=\"en_US\" \/>\n<meta property=\"og:type\" content=\"article\" \/>\n<meta property=\"og:title\" content=\"SILLA YEE JA - Tubrica\" \/>\n<meta property=\"og:description\" content=\"Conexi\u00f3n de PVC que permite un hacer una incorporaci\u00f3n a 45\u00b0 al colector principal en sistemas de alcantarillado. Viene en presentaci\u00f3n Junta Autom\u00e1tica. Color Blanco. Se utiliza en la conexi\u00f3n de la tuber\u00eda de 160mm al Colector en los Empotramientos. Para su instalaci\u00f3n se debe limpiar muy bien el anillo en la campana y lubricar con productos no derivados del petr\u00f3leo. Al colector se conecta utilizando Limpiador y Soldadura para PVC.\" \/>\n<meta property=\"og:url\" content=\"https:\/\/tubrica.com\/en\/product\/silla-yee-ja\/\" \/>\n<meta property=\"og:site_name\" content=\"Tubrica\" \/>\n<meta property=\"article:modified_time\" content=\"2025-10-31T19:31:56+00:00\" \/>\n<meta property=\"og:image\" content=\"https:\/\/tubrica.com\/wp-content\/uploads\/2020\/10\/a_silla_yee_1.jpg\" \/>\n\t<meta property=\"og:image:width\" content=\"1200\" \/>\n\t<meta property=\"og:image:height\" content=\"1200\" \/>\n\t<meta property=\"og:image:type\" content=\"image\/jpeg\" \/>\n<meta name=\"twitter:card\" content=\"summary_large_image\" \/>\n<script type=\"application\/ld+json\" class=\"yoast-schema-graph\">{\"@context\":\"https:\/\/schema.org\",\"@graph\":[{\"@type\":\"WebPage\",\"@id\":\"https:\/\/tubrica.com\/producto\/silla-yee-ja\/\",\"url\":\"https:\/\/tubrica.com\/producto\/silla-yee-ja\/\",\"name\":\"SILLA YEE JA - Tubrica\",\"isPartOf\":{\"@id\":\"https:\/\/52.4.188.235\/en\/#website\"},\"primaryImageOfPage\":{\"@id\":\"https:\/\/tubrica.com\/producto\/silla-yee-ja\/#primaryimage\"},\"image\":{\"@id\":\"https:\/\/tubrica.com\/producto\/silla-yee-ja\/#primaryimage\"},\"thumbnailUrl\":\"https:\/\/tubrica.com\/wp-content\/uploads\/2020\/10\/a_silla_yee_1.jpg\",\"datePublished\":\"2020-09-29T15:47:06+00:00\",\"dateModified\":\"2025-10-31T19:31:56+00:00\",\"breadcrumb\":{\"@id\":\"https:\/\/tubrica.com\/producto\/silla-yee-ja\/#breadcrumb\"},\"inLanguage\":\"en-US\",\"potentialAction\":[{\"@type\":\"ReadAction\",\"target\":[\"https:\/\/tubrica.com\/producto\/silla-yee-ja\/\"]}]},{\"@type\":\"ImageObject\",\"inLanguage\":\"en-US\",\"@id\":\"https:\/\/tubrica.com\/producto\/silla-yee-ja\/#primaryimage\",\"url\":\"https:\/\/tubrica.com\/wp-content\/uploads\/2020\/10\/a_silla_yee_1.jpg\",\"contentUrl\":\"https:\/\/tubrica.com\/wp-content\/uploads\/2020\/10\/a_silla_yee_1.jpg\",\"width\":1200,\"height\":1200},{\"@type\":\"BreadcrumbList\",\"@id\":\"https:\/\/tubrica.com\/producto\/silla-yee-ja\/#breadcrumb\",\"itemListElement\":[{\"@type\":\"ListItem\",\"position\":1,\"name\":\"Portada\",\"item\":\"https:\/\/52.4.188.235\/en\/\"},{\"@type\":\"ListItem\",\"position\":2,\"name\":\"TUBER\u00cdAS Y CONEXIONES\",\"item\":\"https:\/\/tubrica.com\/?page_id=19\"},{\"@type\":\"ListItem\",\"position\":3,\"name\":\"SILLA YEE JA\"}]},{\"@type\":\"WebSite\",\"@id\":\"https:\/\/52.4.188.235\/en\/#website\",\"url\":\"https:\/\/52.4.188.235\/en\/\",\"name\":\"Tubrica\",\"description\":\"\",\"publisher\":{\"@id\":\"https:\/\/52.4.188.235\/en\/#organization\"},\"potentialAction\":[{\"@type\":\"SearchAction\",\"target\":{\"@type\":\"EntryPoint\",\"urlTemplate\":\"https:\/\/52.4.188.235\/en\/?s={search_term_string}\"},\"query-input\":{\"@type\":\"PropertyValueSpecification\",\"valueRequired\":true,\"valueName\":\"search_term_string\"}}],\"inLanguage\":\"en-US\"},{\"@type\":\"Organization\",\"@id\":\"https:\/\/52.4.188.235\/en\/#organization\",\"name\":\"Tubrica\",\"url\":\"https:\/\/52.4.188.235\/en\/\",\"logo\":{\"@type\":\"ImageObject\",\"inLanguage\":\"en-US\",\"@id\":\"https:\/\/52.4.188.235\/en\/#\/schema\/logo\/image\/\",\"url\":\"https:\/\/tubrica.com\/wp-content\/uploads\/2020\/04\/LOGO_TUBRICA_350x100.png\",\"contentUrl\":\"https:\/\/tubrica.com\/wp-content\/uploads\/2020\/04\/LOGO_TUBRICA_350x100.png\",\"width\":1459,\"height\":417,\"caption\":\"Tubrica\"},\"image\":{\"@id\":\"https:\/\/52.4.188.235\/en\/#\/schema\/logo\/image\/\"}}]}<\/script>\n<!-- \/ Yoast SEO plugin. -->","yoast_head_json":{"title":"SILLA YEE JA - Tubrica","robots":{"index":"index","follow":"follow","max-snippet":"max-snippet:-1","max-image-preview":"max-image-preview:large","max-video-preview":"max-video-preview:-1"},"canonical":"https:\/\/tubrica.com\/en\/product\/silla-yee-ja\/","og_locale":"en_US","og_type":"article","og_title":"SILLA YEE JA - Tubrica","og_description":"Conexi\u00f3n de PVC que permite un hacer una incorporaci\u00f3n a 45\u00b0 al colector principal en sistemas de alcantarillado. Viene en presentaci\u00f3n Junta Autom\u00e1tica. Color Blanco. Se utiliza en la conexi\u00f3n de la tuber\u00eda de 160mm al Colector en los Empotramientos. Para su instalaci\u00f3n se debe limpiar muy bien el anillo en la campana y lubricar con productos no derivados del petr\u00f3leo. Al colector se conecta utilizando Limpiador y Soldadura para PVC.","og_url":"https:\/\/tubrica.com\/en\/product\/silla-yee-ja\/","og_site_name":"Tubrica","article_modified_time":"2025-10-31T19:31:56+00:00","og_image":[{"width":1200,"height":1200,"url":"https:\/\/tubrica.com\/wp-content\/uploads\/2020\/10\/a_silla_yee_1.jpg","type":"image\/jpeg"}],"twitter_card":"summary_large_image","schema":{"@context":"https:\/\/schema.org","@graph":[{"@type":"WebPage","@id":"https:\/\/tubrica.com\/producto\/silla-yee-ja\/","url":"https:\/\/tubrica.com\/producto\/silla-yee-ja\/","name":"SILLA YEE JA - Tubrica","isPartOf":{"@id":"https:\/\/52.4.188.235\/en\/#website"},"primaryImageOfPage":{"@id":"https:\/\/tubrica.com\/producto\/silla-yee-ja\/#primaryimage"},"image":{"@id":"https:\/\/tubrica.com\/producto\/silla-yee-ja\/#primaryimage"},"thumbnailUrl":"https:\/\/tubrica.com\/wp-content\/uploads\/2020\/10\/a_silla_yee_1.jpg","datePublished":"2020-09-29T15:47:06+00:00","dateModified":"2025-10-31T19:31:56+00:00","breadcrumb":{"@id":"https:\/\/tubrica.com\/producto\/silla-yee-ja\/#breadcrumb"},"inLanguage":"en-US","potentialAction":[{"@type":"ReadAction","target":["https:\/\/tubrica.com\/producto\/silla-yee-ja\/"]}]},{"@type":"ImageObject","inLanguage":"en-US","@id":"https:\/\/tubrica.com\/producto\/silla-yee-ja\/#primaryimage","url":"https:\/\/tubrica.com\/wp-content\/uploads\/2020\/10\/a_silla_yee_1.jpg","contentUrl":"https:\/\/tubrica.com\/wp-content\/uploads\/2020\/10\/a_silla_yee_1.jpg","width":1200,"height":1200},{"@type":"BreadcrumbList","@id":"https:\/\/tubrica.com\/producto\/silla-yee-ja\/#breadcrumb","itemListElement":[{"@type":"ListItem","position":1,"name":"Portada","item":"https:\/\/52.4.188.235\/en\/"},{"@type":"ListItem","position":2,"name":"TUBER\u00cdAS Y CONEXIONES","item":"https:\/\/tubrica.com\/?page_id=19"},{"@type":"ListItem","position":3,"name":"SILLA YEE JA"}]},{"@type":"WebSite","@id":"https:\/\/52.4.188.235\/en\/#website","url":"https:\/\/52.4.188.235\/en\/","name":"Tubrica","description":"","publisher":{"@id":"https:\/\/52.4.188.235\/en\/#organization"},"potentialAction":[{"@type":"SearchAction","target":{"@type":"EntryPoint","urlTemplate":"https:\/\/52.4.188.235\/en\/?s={search_term_string}"},"query-input":{"@type":"PropertyValueSpecification","valueRequired":true,"valueName":"search_term_string"}}],"inLanguage":"en-US"},{"@type":"Organization","@id":"https:\/\/52.4.188.235\/en\/#organization","name":"Tubrica","url":"https:\/\/52.4.188.235\/en\/","logo":{"@type":"ImageObject","inLanguage":"en-US","@id":"https:\/\/52.4.188.235\/en\/#\/schema\/logo\/image\/","url":"https:\/\/tubrica.com\/wp-content\/uploads\/2020\/04\/LOGO_TUBRICA_350x100.png","contentUrl":"https:\/\/tubrica.com\/wp-content\/uploads\/2020\/04\/LOGO_TUBRICA_350x100.png","width":1459,"height":417,"caption":"Tubrica"},"image":{"@id":"https:\/\/52.4.188.235\/en\/#\/schema\/logo\/image\/"}}]}},"_links":{"self":[{"href":"https:\/\/tubrica.com\/en\/wp-json\/wp\/v2\/product\/8372"}],"collection":[{"href":"https:\/\/tubrica.com\/en\/wp-json\/wp\/v2\/product"}],"about":[{"href":"https:\/\/tubrica.com\/en\/wp-json\/wp\/v2\/types\/product"}],"wp:featuredmedia":[{"embeddable":true,"href":"https:\/\/tubrica.com\/en\/wp-json\/wp\/v2\/media\/8799"}],"wp:attachment":[{"href":"https:\/\/tubrica.com\/en\/wp-json\/wp\/v2\/media?parent=8372"}],"wp:term":[{"taxonomy":"product_cat","embeddable":true,"href":"https:\/\/tubrica.com\/en\/wp-json\/wp\/v2\/product_cat?post=8372"},{"taxonomy":"product_tag","embeddable":true,"href":"https:\/\/tubrica.com\/en\/wp-json\/wp\/v2\/product_tag?post=8372"}],"curies":[{"name":"wp","href":"https:\/\/api.w.org\/{rel}","templated":true}]}}