{"id":8377,"date":"2020-09-29T15:47:06","date_gmt":"2020-09-29T15:47:06","guid":{"rendered":"http:\/\/tubrica.ignitecore.io\/product\/tuberia-alcantarillado-jaxe\/"},"modified":"2025-12-03T19:56:25","modified_gmt":"2025-12-03T19:56:25","slug":"tuberia-alcantarillado-jaxe","status":"publish","type":"product","link":"https:\/\/tubrica.com\/en\/product\/tuberia-alcantarillado-jaxe\/","title":{"rendered":"TUBER\u00cdA ALCANTARILLADO JAxE"},"content":{"rendered":"","protected":false},"excerpt":{"rendered":"<p>Tuber\u00eda de PVC dise\u00f1ada para los sistemas de drenaje sanitario y pluvial en urbanismos. Viene en presentaci\u00f3n Junta Autom\u00e1tica x Espiga. Cuenta con la exclusiva y novedosa Uni\u00f3n Rieber, lo que garantiza una total hermeticidad en las uniones. Para su instalaci\u00f3n se debe limpiar muy bien el anillo rieber en la campana y lubricar con productos no derivados del petr\u00f3leo.<\/p>","protected":false},"featured_media":8801,"template":"","meta":{"_acf_changed":false,"_joinchat":[]},"product_cat":[375,344,376],"product_tag":[],"acf":[],"yoast_head":"<!-- This site is optimized with the Yoast SEO plugin v24.0 - https:\/\/yoast.com\/wordpress\/plugins\/seo\/ -->\n<title>TUBER\u00cdA ALCANTARILLADO JAxE - Tubrica<\/title>\n<meta name=\"robots\" content=\"index, follow, max-snippet:-1, max-image-preview:large, max-video-preview:-1\" \/>\n<link rel=\"canonical\" href=\"https:\/\/tubrica.com\/en\/product\/tuberia-alcantarillado-jaxe\/\" \/>\n<meta property=\"og:locale\" content=\"en_US\" \/>\n<meta property=\"og:type\" content=\"article\" \/>\n<meta property=\"og:title\" content=\"TUBER\u00cdA ALCANTARILLADO JAxE - Tubrica\" \/>\n<meta property=\"og:description\" content=\"Tuber\u00eda de PVC dise\u00f1ada para los sistemas de drenaje sanitario y pluvial en urbanismos. Viene en presentaci\u00f3n Junta Autom\u00e1tica x Espiga. Cuenta con la exclusiva y novedosa Uni\u00f3n Rieber, lo que garantiza una total hermeticidad en las uniones. Para su instalaci\u00f3n se debe limpiar muy bien el anillo rieber en la campana y lubricar con productos no derivados del petr\u00f3leo.\" \/>\n<meta property=\"og:url\" content=\"https:\/\/tubrica.com\/en\/product\/tuberia-alcantarillado-jaxe\/\" \/>\n<meta property=\"og:site_name\" content=\"Tubrica\" \/>\n<meta property=\"article:modified_time\" content=\"2025-12-03T19:56:25+00:00\" \/>\n<meta property=\"og:image\" content=\"https:\/\/tubrica.com\/wp-content\/uploads\/2020\/10\/a_tuberia_jaxe_1.jpg\" \/>\n\t<meta property=\"og:image:width\" content=\"1200\" \/>\n\t<meta property=\"og:image:height\" content=\"1200\" \/>\n\t<meta property=\"og:image:type\" content=\"image\/jpeg\" \/>\n<meta name=\"twitter:card\" content=\"summary_large_image\" \/>\n<script type=\"application\/ld+json\" class=\"yoast-schema-graph\">{\"@context\":\"https:\/\/schema.org\",\"@graph\":[{\"@type\":\"WebPage\",\"@id\":\"https:\/\/tubrica.com\/producto\/tuberia-alcantarillado-jaxe\/\",\"url\":\"https:\/\/tubrica.com\/producto\/tuberia-alcantarillado-jaxe\/\",\"name\":\"TUBER\u00cdA ALCANTARILLADO JAxE - Tubrica\",\"isPartOf\":{\"@id\":\"https:\/\/tubrica.com\/en\/#website\"},\"primaryImageOfPage\":{\"@id\":\"https:\/\/tubrica.com\/producto\/tuberia-alcantarillado-jaxe\/#primaryimage\"},\"image\":{\"@id\":\"https:\/\/tubrica.com\/producto\/tuberia-alcantarillado-jaxe\/#primaryimage\"},\"thumbnailUrl\":\"https:\/\/tubrica.com\/wp-content\/uploads\/2020\/10\/a_tuberia_jaxe_1.jpg\",\"datePublished\":\"2020-09-29T15:47:06+00:00\",\"dateModified\":\"2025-12-03T19:56:25+00:00\",\"breadcrumb\":{\"@id\":\"https:\/\/tubrica.com\/producto\/tuberia-alcantarillado-jaxe\/#breadcrumb\"},\"inLanguage\":\"en-US\",\"potentialAction\":[{\"@type\":\"ReadAction\",\"target\":[\"https:\/\/tubrica.com\/producto\/tuberia-alcantarillado-jaxe\/\"]}]},{\"@type\":\"ImageObject\",\"inLanguage\":\"en-US\",\"@id\":\"https:\/\/tubrica.com\/producto\/tuberia-alcantarillado-jaxe\/#primaryimage\",\"url\":\"https:\/\/tubrica.com\/wp-content\/uploads\/2020\/10\/a_tuberia_jaxe_1.jpg\",\"contentUrl\":\"https:\/\/tubrica.com\/wp-content\/uploads\/2020\/10\/a_tuberia_jaxe_1.jpg\",\"width\":1200,\"height\":1200},{\"@type\":\"BreadcrumbList\",\"@id\":\"https:\/\/tubrica.com\/producto\/tuberia-alcantarillado-jaxe\/#breadcrumb\",\"itemListElement\":[{\"@type\":\"ListItem\",\"position\":1,\"name\":\"Portada\",\"item\":\"https:\/\/tubrica.com\/en\/\"},{\"@type\":\"ListItem\",\"position\":2,\"name\":\"TUBER\u00cdAS Y CONEXIONES\",\"item\":\"https:\/\/tubrica.com\/?page_id=19\"},{\"@type\":\"ListItem\",\"position\":3,\"name\":\"TUBER\u00cdA ALCANTARILLADO JAxE\"}]},{\"@type\":\"WebSite\",\"@id\":\"https:\/\/tubrica.com\/en\/#website\",\"url\":\"https:\/\/tubrica.com\/en\/\",\"name\":\"Tubrica\",\"description\":\"\",\"publisher\":{\"@id\":\"https:\/\/tubrica.com\/en\/#organization\"},\"potentialAction\":[{\"@type\":\"SearchAction\",\"target\":{\"@type\":\"EntryPoint\",\"urlTemplate\":\"https:\/\/tubrica.com\/en\/?s={search_term_string}\"},\"query-input\":{\"@type\":\"PropertyValueSpecification\",\"valueRequired\":true,\"valueName\":\"search_term_string\"}}],\"inLanguage\":\"en-US\"},{\"@type\":\"Organization\",\"@id\":\"https:\/\/tubrica.com\/en\/#organization\",\"name\":\"Tubrica\",\"url\":\"https:\/\/tubrica.com\/en\/\",\"logo\":{\"@type\":\"ImageObject\",\"inLanguage\":\"en-US\",\"@id\":\"https:\/\/tubrica.com\/en\/#\/schema\/logo\/image\/\",\"url\":\"https:\/\/tubrica.com\/wp-content\/uploads\/2020\/04\/LOGO_TUBRICA_350x100.png\",\"contentUrl\":\"https:\/\/tubrica.com\/wp-content\/uploads\/2020\/04\/LOGO_TUBRICA_350x100.png\",\"width\":1459,\"height\":417,\"caption\":\"Tubrica\"},\"image\":{\"@id\":\"https:\/\/tubrica.com\/en\/#\/schema\/logo\/image\/\"}}]}<\/script>\n<!-- \/ Yoast SEO plugin. -->","yoast_head_json":{"title":"TUBER\u00cdA ALCANTARILLADO JAxE - Tubrica","robots":{"index":"index","follow":"follow","max-snippet":"max-snippet:-1","max-image-preview":"max-image-preview:large","max-video-preview":"max-video-preview:-1"},"canonical":"https:\/\/tubrica.com\/en\/product\/tuberia-alcantarillado-jaxe\/","og_locale":"en_US","og_type":"article","og_title":"TUBER\u00cdA ALCANTARILLADO JAxE - Tubrica","og_description":"Tuber\u00eda de PVC dise\u00f1ada para los sistemas de drenaje sanitario y pluvial en urbanismos. Viene en presentaci\u00f3n Junta Autom\u00e1tica x Espiga. Cuenta con la exclusiva y novedosa Uni\u00f3n Rieber, lo que garantiza una total hermeticidad en las uniones. Para su instalaci\u00f3n se debe limpiar muy bien el anillo rieber en la campana y lubricar con productos no derivados del petr\u00f3leo.","og_url":"https:\/\/tubrica.com\/en\/product\/tuberia-alcantarillado-jaxe\/","og_site_name":"Tubrica","article_modified_time":"2025-12-03T19:56:25+00:00","og_image":[{"width":1200,"height":1200,"url":"https:\/\/tubrica.com\/wp-content\/uploads\/2020\/10\/a_tuberia_jaxe_1.jpg","type":"image\/jpeg"}],"twitter_card":"summary_large_image","schema":{"@context":"https:\/\/schema.org","@graph":[{"@type":"WebPage","@id":"https:\/\/tubrica.com\/producto\/tuberia-alcantarillado-jaxe\/","url":"https:\/\/tubrica.com\/producto\/tuberia-alcantarillado-jaxe\/","name":"TUBER\u00cdA ALCANTARILLADO JAxE - Tubrica","isPartOf":{"@id":"https:\/\/tubrica.com\/en\/#website"},"primaryImageOfPage":{"@id":"https:\/\/tubrica.com\/producto\/tuberia-alcantarillado-jaxe\/#primaryimage"},"image":{"@id":"https:\/\/tubrica.com\/producto\/tuberia-alcantarillado-jaxe\/#primaryimage"},"thumbnailUrl":"https:\/\/tubrica.com\/wp-content\/uploads\/2020\/10\/a_tuberia_jaxe_1.jpg","datePublished":"2020-09-29T15:47:06+00:00","dateModified":"2025-12-03T19:56:25+00:00","breadcrumb":{"@id":"https:\/\/tubrica.com\/producto\/tuberia-alcantarillado-jaxe\/#breadcrumb"},"inLanguage":"en-US","potentialAction":[{"@type":"ReadAction","target":["https:\/\/tubrica.com\/producto\/tuberia-alcantarillado-jaxe\/"]}]},{"@type":"ImageObject","inLanguage":"en-US","@id":"https:\/\/tubrica.com\/producto\/tuberia-alcantarillado-jaxe\/#primaryimage","url":"https:\/\/tubrica.com\/wp-content\/uploads\/2020\/10\/a_tuberia_jaxe_1.jpg","contentUrl":"https:\/\/tubrica.com\/wp-content\/uploads\/2020\/10\/a_tuberia_jaxe_1.jpg","width":1200,"height":1200},{"@type":"BreadcrumbList","@id":"https:\/\/tubrica.com\/producto\/tuberia-alcantarillado-jaxe\/#breadcrumb","itemListElement":[{"@type":"ListItem","position":1,"name":"Portada","item":"https:\/\/tubrica.com\/en\/"},{"@type":"ListItem","position":2,"name":"TUBER\u00cdAS Y CONEXIONES","item":"https:\/\/tubrica.com\/?page_id=19"},{"@type":"ListItem","position":3,"name":"TUBER\u00cdA ALCANTARILLADO JAxE"}]},{"@type":"WebSite","@id":"https:\/\/tubrica.com\/en\/#website","url":"https:\/\/tubrica.com\/en\/","name":"Tubrica","description":"","publisher":{"@id":"https:\/\/tubrica.com\/en\/#organization"},"potentialAction":[{"@type":"SearchAction","target":{"@type":"EntryPoint","urlTemplate":"https:\/\/tubrica.com\/en\/?s={search_term_string}"},"query-input":{"@type":"PropertyValueSpecification","valueRequired":true,"valueName":"search_term_string"}}],"inLanguage":"en-US"},{"@type":"Organization","@id":"https:\/\/tubrica.com\/en\/#organization","name":"Tubrica","url":"https:\/\/tubrica.com\/en\/","logo":{"@type":"ImageObject","inLanguage":"en-US","@id":"https:\/\/tubrica.com\/en\/#\/schema\/logo\/image\/","url":"https:\/\/tubrica.com\/wp-content\/uploads\/2020\/04\/LOGO_TUBRICA_350x100.png","contentUrl":"https:\/\/tubrica.com\/wp-content\/uploads\/2020\/04\/LOGO_TUBRICA_350x100.png","width":1459,"height":417,"caption":"Tubrica"},"image":{"@id":"https:\/\/tubrica.com\/en\/#\/schema\/logo\/image\/"}}]}},"_links":{"self":[{"href":"https:\/\/tubrica.com\/en\/wp-json\/wp\/v2\/product\/8377"}],"collection":[{"href":"https:\/\/tubrica.com\/en\/wp-json\/wp\/v2\/product"}],"about":[{"href":"https:\/\/tubrica.com\/en\/wp-json\/wp\/v2\/types\/product"}],"wp:featuredmedia":[{"embeddable":true,"href":"https:\/\/tubrica.com\/en\/wp-json\/wp\/v2\/media\/8801"}],"wp:attachment":[{"href":"https:\/\/tubrica.com\/en\/wp-json\/wp\/v2\/media?parent=8377"}],"wp:term":[{"taxonomy":"product_cat","embeddable":true,"href":"https:\/\/tubrica.com\/en\/wp-json\/wp\/v2\/product_cat?post=8377"},{"taxonomy":"product_tag","embeddable":true,"href":"https:\/\/tubrica.com\/en\/wp-json\/wp\/v2\/product_tag?post=8377"}],"curies":[{"name":"wp","href":"https:\/\/api.w.org\/{rel}","templated":true}]}}